{"id":9367,"date":"2024-01-02T08:36:10","date_gmt":"2024-01-02T08:36:10","guid":{"rendered":"https:\/\/www.hairlow.cz\/?page_id=9367"},"modified":"2026-04-14T11:12:31","modified_gmt":"2026-04-14T11:12:31","slug":"recenze","status":"publish","type":"page","link":"https:\/\/www.hairlow.cz\/index.php\/recenze\/","title":{"rendered":"RECENZE"},"content":{"rendered":"<div class=\"wp-block-columns is-layout-flex wp-container-core-columns-is-layout-2 wp-block-columns-is-layout-flex\">\n<div class=\"wp-block-column is-layout-flow wp-block-column-is-layout-flow\">\n<div class=\"wp-block-columns is-layout-flex wp-container-core-columns-is-layout-1 wp-block-columns-is-layout-flex\">\n<div class=\"wp-block-column is-layout-flow wp-block-column-is-layout-flow\">\n<div style=\"height:22px\" aria-hidden=\"true\" class=\"wp-block-spacer\"><\/div>\n\n\n\n<figure class=\"wp-block-image alignleft size-large has-custom-border\"><noscript><img decoding=\"async\" width=\"1024\" height=\"1024\" src=\"https:\/\/www.hairlow.cz\/wp-content\/uploads\/2023\/11\/20230925_204011_0000-1024x1024.png\" alt class=\"wp-image-9247\" style=\"border-radius:46px\" srcset=\"https:\/\/www.hairlow.cz\/wp-content\/uploads\/2023\/11\/20230925_204011_0000-1024x1024.png 1024w, https:\/\/www.hairlow.cz\/wp-content\/uploads\/2023\/11\/20230925_204011_0000-300x300.png 300w, https:\/\/www.hairlow.cz\/wp-content\/uploads\/2023\/11\/20230925_204011_0000-150x150.png 150w, https:\/\/www.hairlow.cz\/wp-content\/uploads\/2023\/11\/20230925_204011_0000-768x768.png 768w, https:\/\/www.hairlow.cz\/wp-content\/uploads\/2023\/11\/20230925_204011_0000-600x600.png 600w, https:\/\/www.hairlow.cz\/wp-content\/uploads\/2023\/11\/20230925_204011_0000-649x649.png 649w, https:\/\/www.hairlow.cz\/wp-content\/uploads\/2023\/11\/20230925_204011_0000.png 1080w\" sizes=\"(max-width: 1024px) 100vw, 1024px\"><\/noscript><img decoding=\"async\" width=\"1024\" height=\"1024\" src=\"data:image\/svg+xml,%3Csvg%20xmlns%3D%22http%3A%2F%2Fwww.w3.org%2F2000%2Fsvg%22%20viewBox%3D%220%200%201024%201024%22%3E%3C%2Fsvg%3E\" alt class=\"wp-image-9247 lazyload\" style=\"border-radius:46px\" srcset=\"data:image\/svg+xml,%3Csvg%20xmlns%3D%22http%3A%2F%2Fwww.w3.org%2F2000%2Fsvg%22%20viewBox%3D%220%200%201024%201024%22%3E%3C%2Fsvg%3E 1024w\" sizes=\"(max-width: 1024px) 100vw, 1024px\" data-srcset=\"https:\/\/www.hairlow.cz\/wp-content\/uploads\/2023\/11\/20230925_204011_0000-1024x1024.png 1024w, https:\/\/www.hairlow.cz\/wp-content\/uploads\/2023\/11\/20230925_204011_0000-300x300.png 300w, https:\/\/www.hairlow.cz\/wp-content\/uploads\/2023\/11\/20230925_204011_0000-150x150.png 150w, https:\/\/www.hairlow.cz\/wp-content\/uploads\/2023\/11\/20230925_204011_0000-768x768.png 768w, https:\/\/www.hairlow.cz\/wp-content\/uploads\/2023\/11\/20230925_204011_0000-600x600.png 600w, https:\/\/www.hairlow.cz\/wp-content\/uploads\/2023\/11\/20230925_204011_0000-649x649.png 649w, https:\/\/www.hairlow.cz\/wp-content\/uploads\/2023\/11\/20230925_204011_0000.png 1080w\" data-src=\"https:\/\/www.hairlow.cz\/wp-content\/uploads\/2023\/11\/20230925_204011_0000-1024x1024.png\"><\/figure>\n<\/div>\n\n\n\n<div class=\"wp-block-column is-layout-flow wp-block-column-is-layout-flow\">\n<div style=\"height:22px\" aria-hidden=\"true\" class=\"wp-block-spacer\"><\/div>\n\n\n\n<figure class=\"wp-block-image aligncenter size-large has-custom-border\"><noscript><img decoding=\"async\" width=\"1024\" height=\"1024\" src=\"https:\/\/www.hairlow.cz\/wp-content\/uploads\/2024\/01\/20231109_133149_0000-1024x1024.png\" alt class=\"wp-image-9369\" style=\"border-radius:38px\" title=\"n\u00e1hledov\u00fd obr\u00e1zek\" srcset=\"https:\/\/www.hairlow.cz\/wp-content\/uploads\/2024\/01\/20231109_133149_0000-1024x1024.png 1024w, https:\/\/www.hairlow.cz\/wp-content\/uploads\/2024\/01\/20231109_133149_0000-300x300.png 300w, https:\/\/www.hairlow.cz\/wp-content\/uploads\/2024\/01\/20231109_133149_0000-150x150.png 150w, https:\/\/www.hairlow.cz\/wp-content\/uploads\/2024\/01\/20231109_133149_0000-768x768.png 768w, https:\/\/www.hairlow.cz\/wp-content\/uploads\/2024\/01\/20231109_133149_0000-600x600.png 600w, https:\/\/www.hairlow.cz\/wp-content\/uploads\/2024\/01\/20231109_133149_0000-649x649.png 649w, https:\/\/www.hairlow.cz\/wp-content\/uploads\/2024\/01\/20231109_133149_0000.png 1080w\" sizes=\"(max-width: 1024px) 100vw, 1024px\"><\/noscript><img decoding=\"async\" width=\"1024\" height=\"1024\" src=\"data:image\/svg+xml,%3Csvg%20xmlns%3D%22http%3A%2F%2Fwww.w3.org%2F2000%2Fsvg%22%20viewBox%3D%220%200%201024%201024%22%3E%3C%2Fsvg%3E\" alt class=\"wp-image-9369 lazyload\" style=\"border-radius:38px\" title=\"n\u00e1hledov\u00fd obr\u00e1zek\" srcset=\"data:image\/svg+xml,%3Csvg%20xmlns%3D%22http%3A%2F%2Fwww.w3.org%2F2000%2Fsvg%22%20viewBox%3D%220%200%201024%201024%22%3E%3C%2Fsvg%3E 1024w\" sizes=\"(max-width: 1024px) 100vw, 1024px\" data-srcset=\"https:\/\/www.hairlow.cz\/wp-content\/uploads\/2024\/01\/20231109_133149_0000-1024x1024.png 1024w, https:\/\/www.hairlow.cz\/wp-content\/uploads\/2024\/01\/20231109_133149_0000-300x300.png 300w, https:\/\/www.hairlow.cz\/wp-content\/uploads\/2024\/01\/20231109_133149_0000-150x150.png 150w, https:\/\/www.hairlow.cz\/wp-content\/uploads\/2024\/01\/20231109_133149_0000-768x768.png 768w, https:\/\/www.hairlow.cz\/wp-content\/uploads\/2024\/01\/20231109_133149_0000-600x600.png 600w, https:\/\/www.hairlow.cz\/wp-content\/uploads\/2024\/01\/20231109_133149_0000-649x649.png 649w, https:\/\/www.hairlow.cz\/wp-content\/uploads\/2024\/01\/20231109_133149_0000.png 1080w\" data-src=\"https:\/\/www.hairlow.cz\/wp-content\/uploads\/2024\/01\/20231109_133149_0000-1024x1024.png\"><\/figure>\n<\/div>\n\n\n\n<div class=\"wp-block-column is-layout-flow wp-block-column-is-layout-flow\">\n<div style=\"height:22px\" aria-hidden=\"true\" class=\"wp-block-spacer\"><\/div>\n\n\n\n<figure class=\"wp-block-image alignright size-large has-custom-border\"><noscript><img decoding=\"async\" width=\"1024\" height=\"1024\" src=\"https:\/\/www.hairlow.cz\/wp-content\/uploads\/2023\/11\/20231026_133732_0000-1024x1024.png\" alt class=\"wp-image-9252\" style=\"border-radius:49px\" srcset=\"https:\/\/www.hairlow.cz\/wp-content\/uploads\/2023\/11\/20231026_133732_0000-1024x1024.png 1024w, https:\/\/www.hairlow.cz\/wp-content\/uploads\/2023\/11\/20231026_133732_0000-300x300.png 300w, https:\/\/www.hairlow.cz\/wp-content\/uploads\/2023\/11\/20231026_133732_0000-150x150.png 150w, https:\/\/www.hairlow.cz\/wp-content\/uploads\/2023\/11\/20231026_133732_0000-768x768.png 768w, https:\/\/www.hairlow.cz\/wp-content\/uploads\/2023\/11\/20231026_133732_0000-600x600.png 600w, https:\/\/www.hairlow.cz\/wp-content\/uploads\/2023\/11\/20231026_133732_0000-649x649.png 649w, https:\/\/www.hairlow.cz\/wp-content\/uploads\/2023\/11\/20231026_133732_0000.png 1080w\" sizes=\"(max-width: 1024px) 100vw, 1024px\"><\/noscript><img decoding=\"async\" width=\"1024\" height=\"1024\" src=\"data:image\/svg+xml,%3Csvg%20xmlns%3D%22http%3A%2F%2Fwww.w3.org%2F2000%2Fsvg%22%20viewBox%3D%220%200%201024%201024%22%3E%3C%2Fsvg%3E\" alt class=\"wp-image-9252 lazyload\" style=\"border-radius:49px\" srcset=\"data:image\/svg+xml,%3Csvg%20xmlns%3D%22http%3A%2F%2Fwww.w3.org%2F2000%2Fsvg%22%20viewBox%3D%220%200%201024%201024%22%3E%3C%2Fsvg%3E 1024w\" sizes=\"(max-width: 1024px) 100vw, 1024px\" data-srcset=\"https:\/\/www.hairlow.cz\/wp-content\/uploads\/2023\/11\/20231026_133732_0000-1024x1024.png 1024w, https:\/\/www.hairlow.cz\/wp-content\/uploads\/2023\/11\/20231026_133732_0000-300x300.png 300w, https:\/\/www.hairlow.cz\/wp-content\/uploads\/2023\/11\/20231026_133732_0000-150x150.png 150w, https:\/\/www.hairlow.cz\/wp-content\/uploads\/2023\/11\/20231026_133732_0000-768x768.png 768w, https:\/\/www.hairlow.cz\/wp-content\/uploads\/2023\/11\/20231026_133732_0000-600x600.png 600w, https:\/\/www.hairlow.cz\/wp-content\/uploads\/2023\/11\/20231026_133732_0000-649x649.png 649w, https:\/\/www.hairlow.cz\/wp-content\/uploads\/2023\/11\/20231026_133732_0000.png 1080w\" data-src=\"https:\/\/www.hairlow.cz\/wp-content\/uploads\/2023\/11\/20231026_133732_0000-1024x1024.png\"><\/figure>\n<\/div>\n<\/div>\n<\/div>\n<\/div>\n\n\n\n<div style=\"height:100px\" aria-hidden=\"true\" class=\"wp-block-spacer\"><\/div>\n\n\n\n<h1 class=\"wp-block-heading has-text-align-center has-extra-large-font-size\" style=\"font-style:normal;font-weight:800\"><strong>RECENZE<\/strong><\/h1>\n\n\n\n<p class=\"has-text-align-center has-secondary-font-family has-normal-font-size\">Zp\u011btn\u00e1 vazba je velmi d\u016fle\u017eit\u00e1<\/p>\n\n\n\n<div style=\"height:100px\" aria-hidden=\"true\" class=\"wp-block-spacer\"><\/div>\n\n\n\n<p class=\"has-normal-font-size\" style=\"padding-right:var(--wp--preset--spacing--30);padding-left:var(--wp--preset--spacing--30)\">Na t\u00e9to str\u00e1nce m\u016f\u017eete zanechat recenzi.<\/p>\n\n\n\n<p class=\"has-normal-font-size\" style=\"padding-right:var(--wp--preset--spacing--30);padding-left:var(--wp--preset--spacing--30)\">D\u011bkuji za v\u00e1\u0161 p\u0159\u00edsp\u011bvek.<\/p>\n\n\n\n<p class=\"has-normal-font-size\" style=\"padding-right:var(--wp--preset--spacing--30);padding-left:var(--wp--preset--spacing--30)\">Pokud m\u00e1te \u010das, budu r\u00e1da za up\u0159\u00edmn\u00e9 vypln\u011bn\u00ed dotazn\u00edku, kter\u00fd je anonymn\u00ed, moc d\u011bkuji. \ud83e\udd70<\/p>\n\n\n\n<p class=\"has-large-font-size\" style=\"padding-right:var(--wp--preset--spacing--30);padding-left:var(--wp--preset--spacing--30)\"><a href=\"https:\/\/forms.gle\/gJVQvBkurfsNrMst8\" target=\"_blank\" rel=\"noopener\" title><strong>DOTAZN\u00cdK<\/strong><\/a><\/p>\n\n\n\n<div style=\"height:100px\" aria-hidden=\"true\" class=\"wp-block-spacer\"><\/div>\n\n\n\t<div id=\"respond\" class=\"comment-respond wp-block-post-comments-form\">\n\t\t<h3 id=\"reply-title\" class=\"comment-reply-title\">Napsat koment\u00e1\u0159<\/h3><form action=\"https:\/\/www.hairlow.cz\/wp-comments-post.php\" method=\"post\" id=\"commentform\" class=\"comment-form\" novalidate><p class=\"comment-notes\"><span id=\"email-notes\">Va\u0161e e-mailov\u00e1 adresa nebude zve\u0159ejn\u011bna.<\/span> <span class=\"required-field-message\">Vy\u017eadovan\u00e9 informace jsou ozna\u010deny <span class=\"required\">*<\/span><\/span><\/p><p class=\"comment-form-comment\"><label for=\"comment\">Koment\u00e1\u0159 <span class=\"required\">*<\/span><\/label> <textarea id=\"comment\" name=\"comment\" cols=\"45\" rows=\"8\" maxlength=\"65525\" required><\/textarea><\/p><p class=\"comment-form-author\"><label for=\"author\">Jm\u00e9no <span class=\"required\">*<\/span><\/label> <input id=\"author\" name=\"author\" type=\"text\" value size=\"30\" maxlength=\"245\" autocomplete=\"name\" required><\/p>\n<p class=\"comment-form-email\"><label for=\"email\">E-mail <span class=\"required\">*<\/span><\/label> <input id=\"email\" name=\"email\" type=\"email\" value size=\"30\" maxlength=\"100\" aria-describedby=\"email-notes\" autocomplete=\"email\" required><\/p>\n<p class=\"comment-form-url\"><label for=\"url\">Webov\u00e1 str\u00e1nka<\/label> <input id=\"url\" name=\"url\" type=\"url\" value size=\"30\" maxlength=\"200\" autocomplete=\"url\"><\/p>\n<p class=\"comment-form-cookies-consent\"><input id=\"wp-comment-cookies-consent\" name=\"wp-comment-cookies-consent\" type=\"checkbox\" value=\"yes\"> <label for=\"wp-comment-cookies-consent\">Ulo\u017eit do prohl\u00ed\u017ee\u010de jm\u00e9no, e-mail a webovou str\u00e1nku pro budouc\u00ed koment\u00e1\u0159e.<\/label><\/p>\n<div class=\"sgr-main\"><\/div><p class=\"form-submit wp-block-button\"><input name=\"submit\" type=\"submit\" id=\"submit\" class=\"wp-block-button__link wp-element-button\" value=\"Odeslat koment\u00e1\u0159\"> <input type=\"hidden\" name=\"comment_post_ID\" value=\"9367\" id=\"comment_post_ID\">\n<input type=\"hidden\" name=\"comment_parent\" id=\"comment_parent\" value=\"0\">\n<\/p><p style=\"display: none !important;\" class=\"akismet-fields-container\" data-prefix=\"ak_\"><label>&#916;<textarea name=\"ak_hp_textarea\" cols=\"45\" rows=\"8\" maxlength=\"100\"><\/textarea><\/label><input type=\"hidden\" id=\"ak_js_1\" name=\"ak_js\" value=\"107\"><script>document.getElementById( \"ak_js_1\" ).setAttribute( \"value\", ( new Date() ).getTime() );<\/script><\/p><\/form>\t<\/div><!-- #respond -->\n\t\n\n\n<div style=\"height:100px\" aria-hidden=\"true\" class=\"wp-block-spacer\"><\/div>\n\n\n\n<div class=\"wp-block-columns is-layout-flex wp-container-core-columns-is-layout-5 wp-block-columns-is-layout-flex\">\n<div class=\"wp-block-column is-layout-flow wp-block-column-is-layout-flow\">\n<div class=\"wp-block-columns is-layout-flex wp-container-core-columns-is-layout-4 wp-block-columns-is-layout-flex\">\n<div class=\"wp-block-column is-layout-flow wp-block-column-is-layout-flow\">\n<div class=\"wp-block-comments\"><h2 id=\"comments\" class=\"wp-block-comments-title\">26 koment\u00e1\u0159\u016f: &#8222;RECENZE&#8220;<\/h2>\n\n<ol class=\"wp-block-comment-template\"><li id=\"comment-34\" class=\"comment even thread-even depth-1\">\n\n<div class=\"wp-block-columns is-layout-flex wp-container-core-columns-is-layout-3 wp-block-columns-is-layout-flex\">\n<div class=\"wp-block-column is-layout-flow wp-block-column-is-layout-flow\" style=\"flex-basis:40px\"><div class=\"wp-block-avatar\"><noscript><img decoding=\"async\" alt=\"Jana K. avatar\" src=\"https:\/\/secure.gravatar.com\/avatar\/9402afcbe45e8395d2cfa38492a6689c?s=40&#038;d=mm&#038;r=g\" srcset=\"https:\/\/secure.gravatar.com\/avatar\/9402afcbe45e8395d2cfa38492a6689c?s=80&#038;d=mm&#038;r=g 2x\" class=\"avatar avatar-40 photo wp-block-avatar__image\" height=\"40\" width=\"40\" style=\"border-radius:20px;\"><\/noscript><img decoding=\"async\" alt=\"Jana K. avatar\" src=\"data:image\/svg+xml,%3Csvg%20xmlns%3D%22http%3A%2F%2Fwww.w3.org%2F2000%2Fsvg%22%20viewBox%3D%220%200%2040%2040%22%3E%3C%2Fsvg%3E\" srcset=\"data:image\/svg+xml,%3Csvg%20xmlns%3D%22http%3A%2F%2Fwww.w3.org%2F2000%2Fsvg%22%20viewBox%3D%220%200%2040%2040%22%3E%3C%2Fsvg%3E 40w\" class=\"avatar avatar-40 photo wp-block-avatar__image lazyload\" height=\"40\" width=\"40\" style=\"border-radius:20px;\" data-srcset=\"https:\/\/secure.gravatar.com\/avatar\/9402afcbe45e8395d2cfa38492a6689c?s=80&#038;d=mm&#038;r=g 2x\" data-src=\"https:\/\/secure.gravatar.com\/avatar\/9402afcbe45e8395d2cfa38492a6689c?s=40&#038;d=mm&#038;r=g\"><\/div><\/div>\n\n\n\n<div class=\"wp-block-column is-layout-flow wp-block-column-is-layout-flow\"><div style=\"padding-right:var(--wp--preset--spacing--20);padding-left:var(--wp--preset--spacing--20);\" class=\"wp-block-comment-author-name has-small-font-size\">Jana K.<\/div>\n\n\n<div class=\"wp-block-group is-content-justification-center is-layout-flex wp-container-core-group-is-layout-1 wp-block-group-is-layout-flex\" style=\"margin-top:0px;margin-bottom:0px\"><div class=\"wp-block-comment-date has-small-font-size\"><time datetime=\"2026-03-15T10:51:19+00:00\"><a href=\"https:\/\/www.hairlow.cz\/index.php\/recenze\/comment-page-5\/#comment-34\">15 b\u0159ezna, 2026<\/a><\/time><\/div>\n\n<\/div>\n\n\n<div style=\"padding-left:var(--wp--preset--spacing--30);padding-right:var(--wp--preset--spacing--30);\" class=\"wp-block-comment-content\"><p>Na svou prvn\u00ed n\u00e1v\u0161t\u011bvu sal\u00f3nu jsem p\u0159i\u0161la s velkou v\u00fdzvou (\u0161edob\u00edl\u00e9 odrosty, chemick\u00e1 barva a mel\u00edr, b\u00e1je\u010dn\u00e1 kombinace, \u0159ekla bych trojboj). Pan\u00ed Lucka se v\u0161ak nezalekla a odch\u00e1zela jsem s n\u00e1dhernou barvou, kter\u00e1 mi moc slu\u0161\u00ed a jako bonus mi vykouzlila kr\u00e1sn\u00e9 vlny a perfektn\u00ed st\u0159ih.<br>\nJe to opravdov\u00e1 profesion\u00e1lka, kter\u00e1 v\u00fdborn\u011b pracuje s rostlinn\u00fdmi barvami a m\u00e1 cit pro vlasy. Nav\u00edc m\u00e1 velmi p\u0159\u00edjemn\u00fd a ochotn\u00fd p\u0159\u00edstup, tak\u017ee cel\u00e1 n\u00e1v\u0161t\u011bva byla kr\u00e1sn\u00fdm z\u00e1\u017eitkem. A r\u00e1da se k n\u00ed pravideln\u011b vrac\u00edm. \ud83d\ude0a<br>\nUr\u010dit\u011b doporu\u010duji ka\u017ed\u00e9mu, kdo hled\u00e1 kvalitn\u00ed p\u0159\u00edrodn\u00ed p\u00e9\u010di o vlasy.<\/p>\n<\/div>\n\n<\/div>\n<\/div>\n\n<\/li><\/ol>\n\n<\/div>\n<\/div>\n<\/div>\n<\/div>\n<\/div>\n\n\n\n<div style=\"height:100px\" aria-hidden=\"true\" class=\"wp-block-spacer\"><\/div>\n\n\n\n<p class=\"has-extra-large-font-size\" style=\"padding-right:var(--wp--preset--spacing--30);padding-left:var(--wp--preset--spacing--30)\"><strong>Dal\u0161\u00ed recenze na <a href=\"https:\/\/g.co\/kgs\/Xc8uC3e\" title>Google<\/a><\/strong><\/p>\n\n\n\n<p><\/p>\n","protected":false},"excerpt":{"rendered":"<p>RECENZE Zp\u011btn\u00e1 vazba je velmi d\u016fle\u017eit\u00e1 Na t\u00e9to str\u00e1nce m\u016f\u017eete zanechat recenzi. D\u011bkuji za v\u00e1\u0161 p\u0159\u00edsp\u011bvek. Pokud m\u00e1te \u010das, budu r\u00e1da za up\u0159\u00edmn\u00e9 vypln\u011bn\u00ed dotazn\u00edku, kter\u00fd je anonymn\u00ed, moc d\u011bkuji. \ud83e\udd70 DOTAZN\u00cdK Dal\u0161\u00ed recenze na Google<\/p>\n","protected":false},"author":1,"featured_media":0,"parent":0,"menu_order":0,"comment_status":"open","ping_status":"closed","template":"","meta":{"_monsterinsights_skip_tracking":false,"_monsterinsights_sitenote_active":false,"_monsterinsights_sitenote_note":"","_monsterinsights_sitenote_category":0,"footnotes":""},"class_list":["post-9367","page","type-page","status-publish","hentry"],"aioseo_notices":[],"_links":{"self":[{"href":"https:\/\/www.hairlow.cz\/index.php\/wp-json\/wp\/v2\/pages\/9367","targetHints":{"allow":["GET"]}}],"collection":[{"href":"https:\/\/www.hairlow.cz\/index.php\/wp-json\/wp\/v2\/pages"}],"about":[{"href":"https:\/\/www.hairlow.cz\/index.php\/wp-json\/wp\/v2\/types\/page"}],"author":[{"embeddable":true,"href":"https:\/\/www.hairlow.cz\/index.php\/wp-json\/wp\/v2\/users\/1"}],"replies":[{"embeddable":true,"href":"https:\/\/www.hairlow.cz\/index.php\/wp-json\/wp\/v2\/comments?post=9367"}],"version-history":[{"count":2,"href":"https:\/\/www.hairlow.cz\/index.php\/wp-json\/wp\/v2\/pages\/9367\/revisions"}],"predecessor-version":[{"id":10501,"href":"https:\/\/www.hairlow.cz\/index.php\/wp-json\/wp\/v2\/pages\/9367\/revisions\/10501"}],"wp:attachment":[{"href":"https:\/\/www.hairlow.cz\/index.php\/wp-json\/wp\/v2\/media?parent=9367"}],"curies":[{"name":"wp","href":"https:\/\/api.w.org\/{rel}","templated":true}]}}