{"id":6929,"date":"2023-03-30T07:31:01","date_gmt":"2023-03-30T07:31:01","guid":{"rendered":"https:\/\/www.hairlow.cz\/?page_id=6929"},"modified":"2026-03-11T06:52:46","modified_gmt":"2026-03-11T06:52:46","slug":"kontakt","status":"publish","type":"page","link":"https:\/\/www.hairlow.cz\/index.php\/kontakt\/","title":{"rendered":"Kontakt"},"content":{"rendered":"<div style=\"height:64px\" aria-hidden=\"true\" class=\"wp-block-spacer\"><\/div>\n\n\n\n<h1 class=\"wp-block-heading has-text-align-center\">Kontakt &#8211; Kade\u0159n\u00edctv\u00ed v Ostrav\u011b<\/h1>\n\n\n\n<div style=\"height:65px\" aria-hidden=\"true\" class=\"wp-block-spacer\"><\/div>\n\n\n\n<p class=\"has-large-font-size\" style=\"padding-right:var(--wp--preset--spacing--30);padding-left:var(--wp--preset--spacing--30)\">AKTU\u00c1LN\u00cd: <\/p>\n\n\n\n<p class=\"has-normal-font-size\" style=\"padding-right:var(--wp--preset--spacing--30);padding-left:var(--wp--preset--spacing--30)\">Vzhledem k rozs\u00e1hl\u00fdm v\u00fdkopov\u00fdm prac\u00edm na silnic\u00edch v Ostrav\u011b doporu\u010duji vyrazit s dostate\u010dn\u00fdm p\u0159edstihem. M\u016f\u017ee b\u00fdt tak\u00e9 v\u00fdhodn\u011bj\u0161\u00ed vyu\u017e\u00edt z\u00e1chytn\u00e9 parkovi\u0161t\u011b a pokra\u010dovat do centra m\u011bsta hromadnou dopravou.<\/p>\n\n\n\n<div style=\"height:100px\" aria-hidden=\"true\" class=\"wp-block-spacer\"><\/div>\n\n\n\n<figure class=\"wp-block-image aligncenter size-large is-resized\"><noscript><img decoding=\"async\" width=\"1024\" height=\"654\" src=\"https:\/\/www.hairlow.cz\/wp-content\/uploads\/2025\/04\/IMG_21972-1-1024x654.jpg\" alt=\"Lucie Masla\u0148akov\u00e1 barven\u00ed hennou\" class=\"wp-image-10061\" style=\"width:500px;height:auto\" srcset=\"https:\/\/www.hairlow.cz\/wp-content\/uploads\/2025\/04\/IMG_21972-1-1024x654.jpg 1024w, https:\/\/www.hairlow.cz\/wp-content\/uploads\/2025\/04\/IMG_21972-1-300x192.jpg 300w, https:\/\/www.hairlow.cz\/wp-content\/uploads\/2025\/04\/IMG_21972-1-768x491.jpg 768w, https:\/\/www.hairlow.cz\/wp-content\/uploads\/2025\/04\/IMG_21972-1-1536x981.jpg 1536w, https:\/\/www.hairlow.cz\/wp-content\/uploads\/2025\/04\/IMG_21972-1-2048x1309.jpg 2048w, https:\/\/www.hairlow.cz\/wp-content\/uploads\/2025\/04\/IMG_21972-1-600x383.jpg 600w, https:\/\/www.hairlow.cz\/wp-content\/uploads\/2025\/04\/IMG_21972-1-1016x649.jpg 1016w\" sizes=\"(max-width: 1024px) 100vw, 1024px\"><\/noscript><img decoding=\"async\" width=\"1024\" height=\"654\" src=\"data:image\/svg+xml,%3Csvg%20xmlns%3D%22http%3A%2F%2Fwww.w3.org%2F2000%2Fsvg%22%20viewBox%3D%220%200%201024%20654%22%3E%3C%2Fsvg%3E\" alt=\"Lucie Masla\u0148akov\u00e1 barven\u00ed hennou\" class=\"wp-image-10061 lazyload\" style=\"width:500px;height:auto\" srcset=\"data:image\/svg+xml,%3Csvg%20xmlns%3D%22http%3A%2F%2Fwww.w3.org%2F2000%2Fsvg%22%20viewBox%3D%220%200%201024%20654%22%3E%3C%2Fsvg%3E 1024w\" sizes=\"(max-width: 1024px) 100vw, 1024px\" data-srcset=\"https:\/\/www.hairlow.cz\/wp-content\/uploads\/2025\/04\/IMG_21972-1-1024x654.jpg 1024w, https:\/\/www.hairlow.cz\/wp-content\/uploads\/2025\/04\/IMG_21972-1-300x192.jpg 300w, https:\/\/www.hairlow.cz\/wp-content\/uploads\/2025\/04\/IMG_21972-1-768x491.jpg 768w, https:\/\/www.hairlow.cz\/wp-content\/uploads\/2025\/04\/IMG_21972-1-1536x981.jpg 1536w, https:\/\/www.hairlow.cz\/wp-content\/uploads\/2025\/04\/IMG_21972-1-2048x1309.jpg 2048w, https:\/\/www.hairlow.cz\/wp-content\/uploads\/2025\/04\/IMG_21972-1-600x383.jpg 600w, https:\/\/www.hairlow.cz\/wp-content\/uploads\/2025\/04\/IMG_21972-1-1016x649.jpg 1016w\" data-src=\"https:\/\/www.hairlow.cz\/wp-content\/uploads\/2025\/04\/IMG_21972-1-1024x654.jpg\"><\/figure>\n\n\n\n<div style=\"height:133px\" aria-hidden=\"true\" class=\"wp-block-spacer\"><\/div>\n\n\n\n<div class=\"wp-block-columns is-layout-flex wp-container-core-columns-is-layout-3 wp-block-columns-is-layout-flex\">\n<div class=\"wp-block-column is-layout-flow wp-block-column-is-layout-flow\">\n<h2 class=\"wp-block-heading is-style-default\" style=\"padding-right:var(--wp--preset--spacing--30);padding-left:var(--wp--preset--spacing--30)\">Objedn\u00e1vky na:<\/h2>\n\n\n\n<p class=\"has-text-align-left has-primary-color has-text-color has-large-font-size\" style=\"padding-right:var(--wp--preset--spacing--30);padding-left:var(--wp--preset--spacing--30)\">\ud83d\udcde <strong>tel.: <a href=\"tel:702919020\" title>702 919 020<\/a><\/strong><\/p>\n\n\n\n<p class=\"has-normal-font-size\" style=\"padding-right:var(--wp--preset--spacing--30);padding-left:var(--wp--preset--spacing--30)\">\ud83d\udcac <strong>WhatsApp i Messenger<\/strong><\/p>\n\n\n\n<p class=\"has-normal-font-size\" style=\"padding-right:var(--wp--preset--spacing--30);padding-left:var(--wp--preset--spacing--30)\">(nep\u0159ij\u00edm\u00e1m MMSky)<br> <br>\ud83d\udce7 <strong>e-mail:<\/strong> <a href=\"mailto:hairlowcz@gmail.com\">hairlowcz@gmail.com<\/a><\/p>\n\n\n\n<div style=\"height:37px\" aria-hidden=\"true\" class=\"wp-block-spacer\"><\/div>\n\n\n\n<p class=\"has-normal-font-size\" style=\"padding-right:var(--wp--preset--spacing--30);padding-left:var(--wp--preset--spacing--30)\">Na zpr\u00e1vy odpov\u00edd\u00e1m obvykle do 24 hodin. O v\u00edkendech (od p\u00e1te\u010dn\u00edho ve\u010dera do ned\u011ble odpoledne \u010di pond\u011bln\u00edho r\u00e1na) m\u00e1m mobil vypnut\u00fd a jsem mimo sign\u00e1l \u2013 ozvu se v\u00e1m hned, jakmile jsem zp\u011bt. \ud83d\udc9a<\/p>\n\n\n\n<div style=\"height:74px\" aria-hidden=\"true\" class=\"wp-block-spacer\"><\/div>\n\n\n\n<h2 class=\"wp-block-heading\" style=\"padding-right:var(--wp--preset--spacing--30);padding-left:var(--wp--preset--spacing--30)\">Otev\u00edrac\u00ed doba:<\/h2>\n\n\n\n<p class=\"has-normal-font-size\" style=\"padding-right:var(--wp--preset--spacing--30);padding-left:var(--wp--preset--spacing--30)\"><strong>Dle objedn\u00e1vek<\/strong>, nej\u010dast\u011bji v \u010dase:<br><strong>8:00\u20139:00 hod do 19:00 hod<\/strong><\/p>\n\n\n\n<p class=\"has-normal-font-size\" style=\"padding-right:var(--wp--preset--spacing--30);padding-left:var(--wp--preset--spacing--30)\">Ve \u010dtvrtek osobn\u011b nepracuji, ale salon je otev\u0159en\u00fd.<\/p>\n\n\n\n<div class=\"wp-block-columns is-layout-flex wp-container-core-columns-is-layout-2 wp-block-columns-is-layout-flex\">\n<div class=\"wp-block-column is-layout-flow wp-block-column-is-layout-flow\">\n<div class=\"wp-block-columns is-layout-flex wp-container-core-columns-is-layout-1 wp-block-columns-is-layout-flex\">\n<div class=\"wp-block-column is-layout-flow wp-block-column-is-layout-flow\">\n<div style=\"height:74px\" aria-hidden=\"true\" class=\"wp-block-spacer\"><\/div>\n\n\n\n<p class=\"has-large-font-size\" style=\"padding-right:var(--wp--preset--spacing--30);padding-left:var(--wp--preset--spacing--30)\"><strong>Adresa<\/strong>: <\/p>\n\n\n\n<p style=\"margin-right:var(--wp--preset--spacing--30);margin-left:var(--wp--preset--spacing--30)\">Kade\u0159nictv\u00ed TREND<\/p>\n\n\n\n<p class=\"has-normal-font-size\" style=\"margin-right:var(--wp--preset--spacing--30);margin-left:var(--wp--preset--spacing--30)\">Kosteln\u00ed 12\/6<\/p>\n\n\n\n<p class=\"has-normal-font-size\" style=\"margin-right:var(--wp--preset--spacing--30);margin-left:var(--wp--preset--spacing--30)\">702 00 Ostrava &#8211; Moravsk\u00e1 Ostrava<\/p>\n\n\n\n<div style=\"height:33px\" aria-hidden=\"true\" class=\"wp-block-spacer\"><\/div>\n\n\n\n<p class=\"has-large-font-size\" style=\"padding-right:var(--wp--preset--spacing--30);padding-left:var(--wp--preset--spacing--30)\"><strong>Jak m\u011b najdete:<\/strong><\/p>\n\n\n\n<div style=\"height:26px\" aria-hidden=\"true\" class=\"wp-block-spacer\"><\/div>\n\n\n\n<p class=\"has-normal-font-size\" style=\"margin-right:var(--wp--preset--spacing--30);margin-left:var(--wp--preset--spacing--30)\">Naproti je minikino kav\u00e1rna a t\u00e9m\u011br za rohem obchodn\u00ed centrum Laso.<\/p>\n\n\n\n<div style=\"height:33px\" aria-hidden=\"true\" class=\"wp-block-spacer\"><\/div>\n\n\n\n<div style=\"height:5px\" aria-hidden=\"true\" class=\"wp-block-spacer\"><\/div>\n\n\n\n<p class=\"has-normal-font-size\" style=\"margin-right:var(--wp--preset--spacing--30);margin-left:var(--wp--preset--spacing--30)\"><strong>Parkov\u00e1n\u00ed je vopruz, pokud jedete tedy autem, doje\u010fte rad\u011bji d\u0159\u00edve.<\/strong> Z\u00e1chytn\u00e9 parkovi\u0161t\u011b: \u010cern\u00e1 louka, Obchodn\u00ed d\u016fm Laso, Karol\u00edna.<\/p>\n<\/div>\n\n\n\n<div class=\"wp-block-column is-layout-flow wp-block-column-is-layout-flow\">\n<figure class=\"wp-block-image size-large\"><noscript><img decoding=\"async\" width=\"1024\" height=\"768\" src=\"https:\/\/www.hairlow.cz\/wp-content\/uploads\/2024\/02\/20240202_0913321-1024x768.jpg\" alt class=\"wp-image-9424\" srcset=\"https:\/\/www.hairlow.cz\/wp-content\/uploads\/2024\/02\/20240202_0913321-1024x768.jpg 1024w, https:\/\/www.hairlow.cz\/wp-content\/uploads\/2024\/02\/20240202_0913321-300x225.jpg 300w, https:\/\/www.hairlow.cz\/wp-content\/uploads\/2024\/02\/20240202_0913321-768x576.jpg 768w, https:\/\/www.hairlow.cz\/wp-content\/uploads\/2024\/02\/20240202_0913321-1536x1152.jpg 1536w, https:\/\/www.hairlow.cz\/wp-content\/uploads\/2024\/02\/20240202_0913321-2048x1536.jpg 2048w, https:\/\/www.hairlow.cz\/wp-content\/uploads\/2024\/02\/20240202_0913321-600x450.jpg 600w, https:\/\/www.hairlow.cz\/wp-content\/uploads\/2024\/02\/20240202_0913321-865x649.jpg 865w\" sizes=\"(max-width: 1024px) 100vw, 1024px\"><\/noscript><img decoding=\"async\" width=\"1024\" height=\"768\" src=\"data:image\/svg+xml,%3Csvg%20xmlns%3D%22http%3A%2F%2Fwww.w3.org%2F2000%2Fsvg%22%20viewBox%3D%220%200%201024%20768%22%3E%3C%2Fsvg%3E\" alt class=\"wp-image-9424 lazyload\" srcset=\"data:image\/svg+xml,%3Csvg%20xmlns%3D%22http%3A%2F%2Fwww.w3.org%2F2000%2Fsvg%22%20viewBox%3D%220%200%201024%20768%22%3E%3C%2Fsvg%3E 1024w\" sizes=\"(max-width: 1024px) 100vw, 1024px\" data-srcset=\"https:\/\/www.hairlow.cz\/wp-content\/uploads\/2024\/02\/20240202_0913321-1024x768.jpg 1024w, https:\/\/www.hairlow.cz\/wp-content\/uploads\/2024\/02\/20240202_0913321-300x225.jpg 300w, https:\/\/www.hairlow.cz\/wp-content\/uploads\/2024\/02\/20240202_0913321-768x576.jpg 768w, https:\/\/www.hairlow.cz\/wp-content\/uploads\/2024\/02\/20240202_0913321-1536x1152.jpg 1536w, https:\/\/www.hairlow.cz\/wp-content\/uploads\/2024\/02\/20240202_0913321-2048x1536.jpg 2048w, https:\/\/www.hairlow.cz\/wp-content\/uploads\/2024\/02\/20240202_0913321-600x450.jpg 600w, https:\/\/www.hairlow.cz\/wp-content\/uploads\/2024\/02\/20240202_0913321-865x649.jpg 865w\" data-src=\"https:\/\/www.hairlow.cz\/wp-content\/uploads\/2024\/02\/20240202_0913321-1024x768.jpg\"><\/figure>\n<\/div>\n<\/div>\n<\/div>\n<\/div>\n<\/div>\n<\/div>\n\n\n\n<p><\/p>\n","protected":false},"excerpt":{"rendered":"<p>Kontakt &#8211; Kade\u0159n\u00edctv\u00ed v Ostrav\u011b AKTU\u00c1LN\u00cd: Vzhledem k rozs\u00e1hl\u00fdm v\u00fdkopov\u00fdm prac\u00edm na silnic\u00edch v Ostrav\u011b doporu\u010duji vyrazit s dostate\u010dn\u00fdm p\u0159edstihem. M\u016f\u017ee b\u00fdt tak\u00e9 v\u00fdhodn\u011bj\u0161\u00ed vyu\u017e\u00edt z\u00e1chytn\u00e9 parkovi\u0161t\u011b a pokra\u010dovat do centra m\u011bsta hromadnou dopravou. Objedn\u00e1vky na: \ud83d\udcde tel.: 702 919 020 \ud83d\udcac WhatsApp i Messenger (nep\u0159ij\u00edm\u00e1m MMSky) \ud83d\udce7 e-mail: hairlowcz@gmail.com Na zpr\u00e1vy odpov\u00edd\u00e1m obvykle do 24 hodin. O v\u00edkendech (od p\u00e1te\u010dn\u00edho ve\u010dera do ned\u011ble odpoledne \u010di pond\u011bln\u00edho r\u00e1na) m\u00e1m mobil vypnut\u00fd a jsem mimo sign\u00e1l \u2013 ozvu se v\u00e1m hned, jakmile jsem zp\u011bt. \ud83d\udc9a Otev\u00edrac\u00ed doba: Dle objedn\u00e1vek, nej\u010dast\u011bji v \u010dase:8:00\u20139:00 hod do 19:00 hod Ve \u010dtvrtek osobn\u011b nepracuji, ale<\/p>\n","protected":false},"author":1,"featured_media":10061,"parent":0,"menu_order":0,"comment_status":"closed","ping_status":"closed","template":"","meta":{"_monsterinsights_skip_tracking":false,"_monsterinsights_sitenote_active":false,"_monsterinsights_sitenote_note":"","_monsterinsights_sitenote_category":0,"footnotes":""},"class_list":["post-6929","page","type-page","status-publish","has-post-thumbnail","hentry"],"aioseo_notices":[],"_links":{"self":[{"href":"https:\/\/www.hairlow.cz\/index.php\/wp-json\/wp\/v2\/pages\/6929","targetHints":{"allow":["GET"]}}],"collection":[{"href":"https:\/\/www.hairlow.cz\/index.php\/wp-json\/wp\/v2\/pages"}],"about":[{"href":"https:\/\/www.hairlow.cz\/index.php\/wp-json\/wp\/v2\/types\/page"}],"author":[{"embeddable":true,"href":"https:\/\/www.hairlow.cz\/index.php\/wp-json\/wp\/v2\/users\/1"}],"replies":[{"embeddable":true,"href":"https:\/\/www.hairlow.cz\/index.php\/wp-json\/wp\/v2\/comments?post=6929"}],"version-history":[{"count":0,"href":"https:\/\/www.hairlow.cz\/index.php\/wp-json\/wp\/v2\/pages\/6929\/revisions"}],"wp:featuredmedia":[{"embeddable":true,"href":"https:\/\/www.hairlow.cz\/index.php\/wp-json\/wp\/v2\/media\/10061"}],"wp:attachment":[{"href":"https:\/\/www.hairlow.cz\/index.php\/wp-json\/wp\/v2\/media?parent=6929"}],"curies":[{"name":"wp","href":"https:\/\/api.w.org\/{rel}","templated":true}]}}