{"id":10489,"date":"2026-04-14T06:52:55","date_gmt":"2026-04-14T06:52:55","guid":{"rendered":"https:\/\/www.hairlow.cz\/?page_id=10489"},"modified":"2026-04-16T14:09:48","modified_gmt":"2026-04-16T14:09:48","slug":"vlasove-poradenstvi-ostrava","status":"publish","type":"page","link":"https:\/\/www.hairlow.cz\/index.php\/vlasove-poradenstvi-ostrava\/","title":{"rendered":"Vlasov\u00e9 poradenstv\u00ed Ostrava"},"content":{"rendered":"<div class=\"wp-block-columns is-layout-flex wp-container-core-columns-is-layout-2 wp-block-columns-is-layout-flex\">\n<div class=\"wp-block-column is-layout-flow wp-block-column-is-layout-flow\">\n<figure class=\"wp-block-image aligncenter size-large is-resized\"><noscript><img decoding=\"async\" width=\"1024\" height=\"683\" src=\"https:\/\/www.hairlow.cz\/wp-content\/uploads\/2026\/04\/Pokojna-zena-v-boho-stylu-1024x683.png\" alt=\"Vlasov\u00e9 poradenstv\u00ed\" class=\"wp-image-10490\" style=\"width:732px;height:auto\" srcset=\"https:\/\/www.hairlow.cz\/wp-content\/uploads\/2026\/04\/Pokojna-zena-v-boho-stylu-1024x683.png 1024w, https:\/\/www.hairlow.cz\/wp-content\/uploads\/2026\/04\/Pokojna-zena-v-boho-stylu-300x200.png 300w, https:\/\/www.hairlow.cz\/wp-content\/uploads\/2026\/04\/Pokojna-zena-v-boho-stylu-768x512.png 768w, https:\/\/www.hairlow.cz\/wp-content\/uploads\/2026\/04\/Pokojna-zena-v-boho-stylu-600x400.png 600w, https:\/\/www.hairlow.cz\/wp-content\/uploads\/2026\/04\/Pokojna-zena-v-boho-stylu-974x649.png 974w, https:\/\/www.hairlow.cz\/wp-content\/uploads\/2026\/04\/Pokojna-zena-v-boho-stylu.png 1536w\" sizes=\"(max-width: 1024px) 100vw, 1024px\"><\/noscript><img decoding=\"async\" width=\"1024\" height=\"683\" src=\"data:image\/svg+xml,%3Csvg%20xmlns%3D%22http%3A%2F%2Fwww.w3.org%2F2000%2Fsvg%22%20viewBox%3D%220%200%201024%20683%22%3E%3C%2Fsvg%3E\" alt=\"Vlasov\u00e9 poradenstv\u00ed\" class=\"wp-image-10490 lazyload\" style=\"width:732px;height:auto\" srcset=\"data:image\/svg+xml,%3Csvg%20xmlns%3D%22http%3A%2F%2Fwww.w3.org%2F2000%2Fsvg%22%20viewBox%3D%220%200%201024%20683%22%3E%3C%2Fsvg%3E 1024w\" sizes=\"(max-width: 1024px) 100vw, 1024px\" data-srcset=\"https:\/\/www.hairlow.cz\/wp-content\/uploads\/2026\/04\/Pokojna-zena-v-boho-stylu-1024x683.png 1024w, https:\/\/www.hairlow.cz\/wp-content\/uploads\/2026\/04\/Pokojna-zena-v-boho-stylu-300x200.png 300w, https:\/\/www.hairlow.cz\/wp-content\/uploads\/2026\/04\/Pokojna-zena-v-boho-stylu-768x512.png 768w, https:\/\/www.hairlow.cz\/wp-content\/uploads\/2026\/04\/Pokojna-zena-v-boho-stylu-600x400.png 600w, https:\/\/www.hairlow.cz\/wp-content\/uploads\/2026\/04\/Pokojna-zena-v-boho-stylu-974x649.png 974w, https:\/\/www.hairlow.cz\/wp-content\/uploads\/2026\/04\/Pokojna-zena-v-boho-stylu.png 1536w\" data-src=\"https:\/\/www.hairlow.cz\/wp-content\/uploads\/2026\/04\/Pokojna-zena-v-boho-stylu-1024x683.png\"><\/figure>\n\n\n\n<div style=\"height:30px\" aria-hidden=\"true\" class=\"wp-block-spacer\"><\/div>\n\n\n\n<h1 class=\"wp-block-heading has-text-align-center\"><em>Neexistuje jedna spr\u00e1vn\u00e1 p\u00e9\u010de. Nau\u010d\u00edm v\u00e1s naj\u00edt tu va\u0161i.<\/em><\/h1>\n\n\n\n<p class=\"has-text-align-center has-normal-font-size\">P\u00e9\u010de o vlasy, kter\u00e1 d\u00e1v\u00e1 smysl<\/p>\n\n\n\n<div style=\"height:56px\" aria-hidden=\"true\" class=\"wp-block-spacer\"><\/div>\n\n\n\n<div class=\"wp-block-columns is-layout-flex wp-container-core-columns-is-layout-1 wp-block-columns-is-layout-flex\">\n<div class=\"wp-block-column is-layout-flow wp-block-column-is-layout-flow\">\n<p class=\"has-normal-font-size\" style=\"margin-right:var(--wp--preset--spacing--30);margin-left:var(--wp--preset--spacing--30)\">Vlasy nepot\u0159ebuj\u00ed dokonalost, ale pot\u0159ebuj\u00ed pochopen\u00ed.<\/p>\n\n\n\n<div style=\"height:17px\" aria-hidden=\"true\" class=\"wp-block-spacer\"><\/div>\n\n\n\n<p class=\"has-normal-font-size\" style=\"margin-right:var(--wp--preset--spacing--30);margin-left:var(--wp--preset--spacing--30)\">V\u011bt\u0161ina probl\u00e9m\u016f s vlasy a poko\u017ekou vznik\u00e1 jen proto, \u017ee p\u00e9\u010de ned\u00e1v\u00e1 smysl.<\/p>\n\n\n\n<div style=\"height:22px\" aria-hidden=\"true\" class=\"wp-block-spacer\"><\/div>\n\n\n\n<p class=\"has-normal-font-size\" style=\"margin-right:var(--wp--preset--spacing--30);margin-left:var(--wp--preset--spacing--30)\">Uk\u00e1\u017eu v\u00e1m sm\u011br, kde za\u010d\u00edt.<\/p>\n<\/div>\n<\/div>\n<\/div>\n<\/div>\n\n\n\n<div style=\"height:35px\" aria-hidden=\"true\" class=\"wp-block-spacer\"><\/div>\n\n\n\n<div class=\"wp-block-columns is-layout-flex wp-container-core-columns-is-layout-3 wp-block-columns-is-layout-flex\">\n<div class=\"wp-block-column is-layout-flow wp-block-column-is-layout-flow\">\n<h2 class=\"wp-block-heading\" style=\"margin-right:var(--wp--preset--spacing--30);margin-left:var(--wp--preset--spacing--30)\">Individu\u00e1ln\u00ed vlasov\u00e1 konzultace<\/h2>\n\n\n\n<div style=\"height:37px\" aria-hidden=\"true\" class=\"wp-block-spacer\"><\/div>\n\n\n\n<p class=\"has-normal-font-size\" style=\"margin-right:var(--wp--preset--spacing--30);margin-left:var(--wp--preset--spacing--30)\">Konzultace je zam\u011b\u0159en\u00e1 na <strong>pochopen\u00ed va\u0161ich vlas\u016f a nastaven\u00ed prvn\u00edch krok\u016f p\u00e9\u010de<\/strong> o poko\u017eku a vlasy.<\/p>\n\n\n\n<p class=\"has-normal-font-size\" style=\"margin-right:var(--wp--preset--spacing--30);margin-left:var(--wp--preset--spacing--30)\"><br>V \u00favodn\u00ed \u010d\u00e1sti v\u00e1m vysv\u011btl\u00edm, jak vlasov\u00e1 p\u00e9\u010de funguje \u2013 co va\u0161e vlasy pot\u0159ebuj\u00ed, pro\u010d v\u00e1m sou\u010dasn\u00e1 rutina nemus\u00ed vyhovovat a na co se zam\u011b\u0159it.<br><\/p>\n\n\n\n<p class=\"has-normal-font-size\" style=\"margin-right:var(--wp--preset--spacing--30);margin-left:var(--wp--preset--spacing--30)\">Dostanete konkr\u00e9tn\u00ed doporu\u010den\u00ed na m\u00edru, kter\u00e1 v\u00e1m pomohou se zorientovat a nastavit sm\u011br.<\/p>\n\n\n\n<p class=\"has-normal-font-size\" style=\"margin-right:var(--wp--preset--spacing--30);margin-left:var(--wp--preset--spacing--30)\"><br>Je ale d\u016fle\u017eit\u00e9 \u0159\u00edct, \u017ee <strong>nejde o jednor\u00e1zov\u00e9 \u201e\u0159e\u0161en\u00ed na po\u010dk\u00e1n\u00ed\u201c<\/strong>.<\/p>\n\n\n\n<p class=\"has-normal-font-size\" style=\"margin-right:var(--wp--preset--spacing--30);margin-left:var(--wp--preset--spacing--30)\"><br>Ka\u017ed\u00e9 vlasy reaguj\u00ed jinak a fin\u00e1ln\u00ed rutina vznik\u00e1 postupn\u011b \u2013 t\u00edm, jak si ji sama vyzkou\u0161\u00edte a p\u0159izp\u016fsob\u00edte v b\u011b\u017en\u00e9m \u017eivot\u011b.<\/p>\n\n\n\n<p class=\"has-normal-font-size\" style=\"margin-right:var(--wp--preset--spacing--30);margin-left:var(--wp--preset--spacing--30)\"><br>J\u00e1 v\u00e1m pom\u016f\u017eu ud\u011blat prvn\u00ed kroky spr\u00e1vn\u011b.<\/p>\n\n\n\n<p class=\"has-normal-font-size\" style=\"margin-right:var(--wp--preset--spacing--30);margin-left:var(--wp--preset--spacing--30)\"><br>Zbytek je proces, kter\u00fd si postupn\u011b nastav\u00edte podle sebe.<\/p>\n\n\n\n<p class=\"has-normal-font-size\" style=\"margin-right:var(--wp--preset--spacing--30);margin-left:var(--wp--preset--spacing--30)\"><br>Pokud m\u00e1te vlnit\u00e9 nebo kudrnat\u00e9 vlasy, projdeme si tak\u00e9 z\u00e1klady CGM a pr\u00e1ci s jejich p\u0159irozenou strukturou.<\/p>\n\n\n\n<div style=\"height:32px\" aria-hidden=\"true\" class=\"wp-block-spacer\"><\/div>\n<\/div>\n<\/div>\n\n\n\n<hr class=\"wp-block-separator has-alpha-channel-opacity is-style-wide\">\n\n\n\n<div style=\"height:32px\" aria-hidden=\"true\" class=\"wp-block-spacer\"><\/div>\n\n\n\n<div class=\"wp-block-columns is-layout-flex wp-container-core-columns-is-layout-4 wp-block-columns-is-layout-flex\">\n<div class=\"wp-block-column is-layout-flow wp-block-column-is-layout-flow\"><\/div>\n\n\n\n<div class=\"wp-block-column is-layout-flow wp-block-column-is-layout-flow\">\n<figure class=\"wp-block-video\"><video controls muted src=\"https:\/\/www.hairlow.cz\/wp-content\/uploads\/2026\/04\/Individualni-konzultace.mp4\"><\/video><\/figure>\n<\/div>\n\n\n\n<div class=\"wp-block-column is-layout-flow wp-block-column-is-layout-flow\"><\/div>\n<\/div>\n\n\n\n<div style=\"height:34px\" aria-hidden=\"true\" class=\"wp-block-spacer\"><\/div>\n\n\n\n<div class=\"wp-block-columns is-layout-flex wp-container-core-columns-is-layout-5 wp-block-columns-is-layout-flex\">\n<div class=\"wp-block-column is-layout-flow wp-block-column-is-layout-flow\">\n<h2 class=\"wp-block-heading\" style=\"margin-right:var(--wp--preset--spacing--30);margin-left:var(--wp--preset--spacing--30)\">Praktick\u00e1 \u010d\u00e1st<\/h2>\n\n\n\n<p class=\"has-normal-font-size\" style=\"margin-right:var(--wp--preset--spacing--30);margin-left:var(--wp--preset--spacing--30)\">Teorii si rovnou uk\u00e1\u017eeme v praxi.<\/p>\n\n\n\n<p class=\"has-normal-font-size\" style=\"margin-right:var(--wp--preset--spacing--30);margin-left:var(--wp--preset--spacing--30)\"><br>B\u011bhem konzultace:<br>&#8211; v\u00e1m umyji vlasy a uk\u00e1\u017eu spr\u00e1vnou pr\u00e1ci s poko\u017ekou hlavy<br>&#8211; vysv\u011btl\u00edm aplikaci produkt\u016f podle va\u0161eho typu vlas\u016f a jak\u00e9 produkty vyhled\u00e1vat<br>&#8211; p\u0159edvedu techniku f\u00e9nov\u00e1n\u00ed &#8211; m\u016f\u017eete jen pozorovat, nebo si sama vyzkou\u0161et \u2013 podle toho, co je v\u00e1m p\u0159\u00edjemn\u00e9.<\/p>\n\n\n\n<p class=\"has-normal-font-size\" style=\"margin-right:var(--wp--preset--spacing--30);margin-left:var(--wp--preset--spacing--30)\"><br>C\u00edlem nen\u00ed dokonal\u00fd v\u00fdsledek na m\u00edst\u011b, ale to, abyste <strong>pochopila postupy a byla schopn\u00e1 je doma aplikovat<\/strong>.<\/p>\n\n\n\n<div style=\"height:30px\" aria-hidden=\"true\" class=\"wp-block-spacer\"><\/div>\n\n\n\n<hr class=\"wp-block-separator has-alpha-channel-opacity is-style-wide\">\n\n\n\n<div style=\"height:30px\" aria-hidden=\"true\" class=\"wp-block-spacer\"><\/div>\n<\/div>\n<\/div>\n\n\n\n<div class=\"wp-block-columns is-layout-flex wp-container-core-columns-is-layout-8 wp-block-columns-is-layout-flex\">\n<div class=\"wp-block-column is-layout-flow wp-block-column-is-layout-flow\">\n<h2 class=\"wp-block-heading\" style=\"margin-right:var(--wp--preset--spacing--30);margin-left:var(--wp--preset--spacing--30)\">Produkty<\/h2>\n\n\n\n<p class=\"has-normal-font-size\" style=\"margin-right:var(--wp--preset--spacing--30);margin-left:var(--wp--preset--spacing--30)\">Doporu\u010duji pouze produkty, kter\u00e9 m\u00e1m osobn\u011b vyzkou\u0161en\u00e9 a pou\u017e\u00edv\u00e1m v praxi.<\/p>\n\n\n\n<p class=\"has-normal-font-size\" style=\"margin-right:var(--wp--preset--spacing--30);margin-left:var(--wp--preset--spacing--30)\"><br>D\u00edky tomu v\u00e1m mohu d\u00e1t re\u00e1ln\u00e1 a ov\u011b\u0159en\u00e1 doporu\u010den\u00ed, kter\u00e1 v\u00e1s nebudou st\u00e1t zbyte\u010dn\u00e9 pen\u00edze.<\/p>\n\n\n\n<p class=\"has-normal-font-size\" style=\"margin-right:var(--wp--preset--spacing--30);margin-left:var(--wp--preset--spacing--30)\"><br>S b\u011b\u017enou drogeri\u00ed nebo produkty, kter\u00e9 nezn\u00e1m, bohu\u017eel nemohu kvalifikovan\u011b poradit.<\/p>\n\n\n\n<div style=\"height:30px\" aria-hidden=\"true\" class=\"wp-block-spacer\"><\/div>\n\n\n\n<hr class=\"wp-block-separator has-alpha-channel-opacity is-style-wide\">\n\n\n\n<div style=\"height:30px\" aria-hidden=\"true\" class=\"wp-block-spacer\"><\/div>\n\n\n\n<div class=\"wp-block-columns is-layout-flex wp-container-core-columns-is-layout-7 wp-block-columns-is-layout-flex\">\n<div class=\"wp-block-column is-layout-flow wp-block-column-is-layout-flow\">\n<h2 class=\"wp-block-heading\" style=\"margin-right:var(--wp--preset--spacing--30);margin-left:var(--wp--preset--spacing--30)\">N\u00e1sledn\u00e1 p\u00e9\u010de<\/h2>\n\n\n\n<div style=\"height:21px\" aria-hidden=\"true\" class=\"wp-block-spacer\"><\/div>\n\n\n\n<p class=\"has-normal-font-size\" style=\"margin-right:var(--wp--preset--spacing--30);margin-left:var(--wp--preset--spacing--30)\">Sou\u010d\u00e1st\u00ed konzultace je tak\u00e9 mo\u017enost kr\u00e1tk\u00e9ho navazuj\u00edc\u00edho hovoru (do 30 minut) p\u0159ibli\u017en\u011b po m\u011bs\u00edci.<br>Spole\u010dn\u011b m\u016f\u017eeme doladit detaily podle toho, jak va\u0161e vlasy reaguj\u00ed, aby pro v\u00e1s byla p\u00e9\u010de p\u0159irozen\u00e1 a dlouhodob\u011b funk\u010dn\u00ed.<\/p>\n\n\n\n<p class=\"has-normal-font-size\" style=\"margin-right:var(--wp--preset--spacing--30);margin-left:var(--wp--preset--spacing--30)\">* Plat\u00ed pouze pro individu\u00e1ln\u00ed konzultaci pro 1 osobu.<\/p>\n\n\n\n<p class=\"has-normal-font-size\" style=\"margin-right:var(--wp--preset--spacing--30);margin-left:var(--wp--preset--spacing--30)\"><br><\/p>\n\n\n\n<div style=\"height:28px\" aria-hidden=\"true\" class=\"wp-block-spacer\"><\/div>\n\n\n\n<div class=\"wp-block-columns is-layout-flex wp-container-core-columns-is-layout-6 wp-block-columns-is-layout-flex\">\n<div class=\"wp-block-column is-layout-flow wp-block-column-is-layout-flow\">\n<div class=\"wp-block-buttons is-layout-flex wp-block-buttons-is-layout-flex\">\n<div class=\"wp-block-button\"><a class=\"wp-block-button__link wp-element-button\" href=\"https:\/\/www.hairlow.cz\/index.php\/kontakt\/\">Kontakt<\/a><\/div>\n<\/div>\n<\/div>\n\n\n\n<div class=\"wp-block-column is-layout-flow wp-block-column-is-layout-flow\">\n<div class=\"wp-block-buttons is-layout-flex wp-block-buttons-is-layout-flex\">\n<div class=\"wp-block-button\"><a class=\"wp-block-button__link wp-element-button\" href=\"https:\/\/www.hairlow.cz\/index.php\/cenik\/\">Cen\u00edk<\/a><\/div>\n<\/div>\n<\/div>\n<\/div>\n<\/div>\n<\/div>\n\n\n\n<p class=\"has-normal-font-size\" style=\"margin-right:var(--wp--preset--spacing--30);margin-left:var(--wp--preset--spacing--30)\"><br><br><\/p>\n<\/div>\n<\/div>\n","protected":false},"excerpt":{"rendered":"<p>Neexistuje jedna spr\u00e1vn\u00e1 p\u00e9\u010de. Nau\u010d\u00edm v\u00e1s naj\u00edt tu va\u0161i. P\u00e9\u010de o vlasy, kter\u00e1 d\u00e1v\u00e1 smysl Vlasy nepot\u0159ebuj\u00ed dokonalost, ale pot\u0159ebuj\u00ed pochopen\u00ed. V\u011bt\u0161ina probl\u00e9m\u016f s vlasy a poko\u017ekou vznik\u00e1 jen proto, \u017ee p\u00e9\u010de ned\u00e1v\u00e1 smysl. Uk\u00e1\u017eu v\u00e1m sm\u011br, kde za\u010d\u00edt. Individu\u00e1ln\u00ed vlasov\u00e1 konzultace Konzultace je zam\u011b\u0159en\u00e1 na pochopen\u00ed va\u0161ich vlas\u016f a nastaven\u00ed prvn\u00edch krok\u016f p\u00e9\u010de o poko\u017eku a vlasy. V \u00favodn\u00ed \u010d\u00e1sti v\u00e1m vysv\u011btl\u00edm, jak vlasov\u00e1 p\u00e9\u010de funguje \u2013 co va\u0161e vlasy pot\u0159ebuj\u00ed, pro\u010d v\u00e1m sou\u010dasn\u00e1 rutina nemus\u00ed vyhovovat a na co se zam\u011b\u0159it. Dostanete konkr\u00e9tn\u00ed doporu\u010den\u00ed na m\u00edru, kter\u00e1 v\u00e1m pomohou se zorientovat a nastavit sm\u011br. Je ale d\u016fle\u017eit\u00e9 \u0159\u00edct,<\/p>\n","protected":false},"author":1,"featured_media":10490,"parent":0,"menu_order":0,"comment_status":"closed","ping_status":"closed","template":"","meta":{"_monsterinsights_skip_tracking":false,"_monsterinsights_sitenote_active":false,"_monsterinsights_sitenote_note":"","_monsterinsights_sitenote_category":0,"footnotes":""},"class_list":["post-10489","page","type-page","status-publish","has-post-thumbnail","hentry"],"aioseo_notices":[],"_links":{"self":[{"href":"https:\/\/www.hairlow.cz\/index.php\/wp-json\/wp\/v2\/pages\/10489","targetHints":{"allow":["GET"]}}],"collection":[{"href":"https:\/\/www.hairlow.cz\/index.php\/wp-json\/wp\/v2\/pages"}],"about":[{"href":"https:\/\/www.hairlow.cz\/index.php\/wp-json\/wp\/v2\/types\/page"}],"author":[{"embeddable":true,"href":"https:\/\/www.hairlow.cz\/index.php\/wp-json\/wp\/v2\/users\/1"}],"replies":[{"embeddable":true,"href":"https:\/\/www.hairlow.cz\/index.php\/wp-json\/wp\/v2\/comments?post=10489"}],"version-history":[{"count":5,"href":"https:\/\/www.hairlow.cz\/index.php\/wp-json\/wp\/v2\/pages\/10489\/revisions"}],"predecessor-version":[{"id":10505,"href":"https:\/\/www.hairlow.cz\/index.php\/wp-json\/wp\/v2\/pages\/10489\/revisions\/10505"}],"wp:featuredmedia":[{"embeddable":true,"href":"https:\/\/www.hairlow.cz\/index.php\/wp-json\/wp\/v2\/media\/10490"}],"wp:attachment":[{"href":"https:\/\/www.hairlow.cz\/index.php\/wp-json\/wp\/v2\/media?parent=10489"}],"curies":[{"name":"wp","href":"https:\/\/api.w.org\/{rel}","templated":true}]}}